{"id":666,"date":"2020-06-10T13:03:52","date_gmt":"2020-06-10T12:03:52","guid":{"rendered":"http:\/\/50ans.ieseg.fr\/?page_id=666"},"modified":"2020-06-10T13:03:52","modified_gmt":"2020-06-10T12:03:52","slug":"memories","status":"publish","type":"page","link":"https:\/\/50ans.ieseg.fr\/en\/memories\/","title":{"rendered":"Memories"},"content":{"rendered":"<p>Alumni, students, member of the staff or parents, your memories make up the history of I\u00c9SEG and we will be pleased that you share them with I\u00c9SEG.<\/p>\n","protected":false},"excerpt":{"rendered":"<p>Alumni, students, member of the staff or parents, your memories make up the history of I\u00c9SEG and we will be pleased that you share them with I\u00c9SEG.<\/p>\n","protected":false},"author":705,"featured_media":0,"parent":0,"menu_order":0,"comment_status":"open","ping_status":"closed","template":"","meta":[],"yoast_head":"<!-- This site is optimized with the Yoast SEO plugin v19.2 - https:\/\/yoast.com\/wordpress\/plugins\/seo\/ -->\n<title>Memories - 50 ans I\u00c9SEG<\/title>\n<meta name=\"robots\" content=\"noindex, follow, max-snippet:-1, max-image-preview:large, max-video-preview:-1\" \/>\n<meta property=\"og:locale\" content=\"en_US\" \/>\n<meta property=\"og:type\" content=\"article\" \/>\n<meta property=\"og:title\" content=\"Memories - 50 ans I\u00c9SEG\" \/>\n<meta property=\"og:description\" content=\"Alumni, students, member of the staff or parents, your memories make up the history of I\u00c9SEG and we will be pleased that you share them with I\u00c9SEG.\" \/>\n<meta property=\"og:url\" content=\"https:\/\/50ans.ieseg.fr\/en\/memories\/\" \/>\n<meta property=\"og:site_name\" content=\"50 ans I\u00c9SEG\" \/>\n<meta name=\"author\" content=\"anaisandreosso\" \/>\n<meta name=\"twitter:card\" content=\"summary\" \/>\n<script type=\"application\/ld+json\" class=\"yoast-schema-graph\">{\"@context\":\"https:\/\/schema.org\",\"@graph\":[{\"@type\":\"WebSite\",\"@id\":\"https:\/\/50ans.ieseg.fr\/#website\",\"url\":\"https:\/\/50ans.ieseg.fr\/\",\"name\":\"50 ans I\u00c9SEG\",\"description\":\"Les 50 ans de l&#039;I\u00c9SEG\",\"potentialAction\":[{\"@type\":\"SearchAction\",\"target\":{\"@type\":\"EntryPoint\",\"urlTemplate\":\"https:\/\/50ans.ieseg.fr\/?s={search_term_string}\"},\"query-input\":\"required name=search_term_string\"}],\"inLanguage\":\"en-US\"},{\"@type\":\"WebPage\",\"@id\":\"https:\/\/50ans.ieseg.fr\/en\/memories\/#webpage\",\"url\":\"https:\/\/50ans.ieseg.fr\/en\/memories\/\",\"name\":\"Memories - 50 ans I\u00c9SEG\",\"isPartOf\":{\"@id\":\"https:\/\/50ans.ieseg.fr\/#website\"},\"datePublished\":\"2020-06-10T12:03:52+00:00\",\"dateModified\":\"2020-06-10T12:03:52+00:00\",\"breadcrumb\":{\"@id\":\"https:\/\/50ans.ieseg.fr\/en\/memories\/#breadcrumb\"},\"inLanguage\":\"en-US\",\"potentialAction\":[{\"@type\":\"ReadAction\",\"target\":[\"https:\/\/50ans.ieseg.fr\/en\/memories\/\"]}]},{\"@type\":\"BreadcrumbList\",\"@id\":\"https:\/\/50ans.ieseg.fr\/en\/memories\/#breadcrumb\",\"itemListElement\":[{\"@type\":\"ListItem\",\"position\":1,\"name\":\"Accueil\",\"item\":\"https:\/\/50ans.ieseg.fr\/\"},{\"@type\":\"ListItem\",\"position\":2,\"name\":\"Memories\"}]}]}<\/script>\n<!-- \/ Yoast SEO plugin. -->","yoast_head_json":{"title":"Memories - 50 ans I\u00c9SEG","robots":{"index":"noindex","follow":"follow","max-snippet":"max-snippet:-1","max-image-preview":"max-image-preview:large","max-video-preview":"max-video-preview:-1"},"og_locale":"en_US","og_type":"article","og_title":"Memories - 50 ans I\u00c9SEG","og_description":"Alumni, students, member of the staff or parents, your memories make up the history of I\u00c9SEG and we will be pleased that you share them with I\u00c9SEG.","og_url":"https:\/\/50ans.ieseg.fr\/en\/memories\/","og_site_name":"50 ans I\u00c9SEG","author":"anaisandreosso","twitter_card":"summary","schema":{"@context":"https:\/\/schema.org","@graph":[{"@type":"WebSite","@id":"https:\/\/50ans.ieseg.fr\/#website","url":"https:\/\/50ans.ieseg.fr\/","name":"50 ans I\u00c9SEG","description":"Les 50 ans de l&#039;I\u00c9SEG","potentialAction":[{"@type":"SearchAction","target":{"@type":"EntryPoint","urlTemplate":"https:\/\/50ans.ieseg.fr\/?s={search_term_string}"},"query-input":"required name=search_term_string"}],"inLanguage":"en-US"},{"@type":"WebPage","@id":"https:\/\/50ans.ieseg.fr\/en\/memories\/#webpage","url":"https:\/\/50ans.ieseg.fr\/en\/memories\/","name":"Memories - 50 ans I\u00c9SEG","isPartOf":{"@id":"https:\/\/50ans.ieseg.fr\/#website"},"datePublished":"2020-06-10T12:03:52+00:00","dateModified":"2020-06-10T12:03:52+00:00","breadcrumb":{"@id":"https:\/\/50ans.ieseg.fr\/en\/memories\/#breadcrumb"},"inLanguage":"en-US","potentialAction":[{"@type":"ReadAction","target":["https:\/\/50ans.ieseg.fr\/en\/memories\/"]}]},{"@type":"BreadcrumbList","@id":"https:\/\/50ans.ieseg.fr\/en\/memories\/#breadcrumb","itemListElement":[{"@type":"ListItem","position":1,"name":"Accueil","item":"https:\/\/50ans.ieseg.fr\/"},{"@type":"ListItem","position":2,"name":"Memories"}]}]}},"_links":{"self":[{"href":"https:\/\/50ans.ieseg.fr\/en\/wp-json\/wp\/v2\/pages\/666"}],"collection":[{"href":"https:\/\/50ans.ieseg.fr\/en\/wp-json\/wp\/v2\/pages"}],"about":[{"href":"https:\/\/50ans.ieseg.fr\/en\/wp-json\/wp\/v2\/types\/page"}],"author":[{"embeddable":true,"href":"https:\/\/50ans.ieseg.fr\/en\/wp-json\/wp\/v2\/users\/705"}],"replies":[{"embeddable":true,"href":"https:\/\/50ans.ieseg.fr\/en\/wp-json\/wp\/v2\/comments?post=666"}],"version-history":[{"count":1,"href":"https:\/\/50ans.ieseg.fr\/en\/wp-json\/wp\/v2\/pages\/666\/revisions"}],"predecessor-version":[{"id":667,"href":"https:\/\/50ans.ieseg.fr\/en\/wp-json\/wp\/v2\/pages\/666\/revisions\/667"}],"wp:attachment":[{"href":"https:\/\/50ans.ieseg.fr\/en\/wp-json\/wp\/v2\/media?parent=666"}],"curies":[{"name":"wp","href":"https:\/\/api.w.org\/{rel}","templated":true}]}}